{"id":27,"date":"2017-04-23T23:20:36","date_gmt":"2017-04-23T21:20:36","guid":{"rendered":"http:\/\/www.yorckgebiet.de\/wp\/?page_id=27"},"modified":"2017-05-06T20:33:25","modified_gmt":"2017-05-06T18:33:25","slug":"kitas-und-schulen","status":"publish","type":"page","link":"https:\/\/www.yorckgebiet.de\/wp\/kitas-und-schulen","title":{"rendered":"Kitas und Schulen"},"content":{"rendered":"<p><strong>Tagespflege, Kindertagesst\u00e4tten und Horte<\/strong><\/p>\n<p>Clausewitzstra\u00dfe 4 &#8222;Kinderladen&#8220; (Elterninitiative Kinderladen &#8222;Tigerente&#8220; e. V.)<br \/>\nClausewitzstra\u00dfe 4 &#8222;KINDER-OASE&#8220;<br \/>\nClausewitzstra\u00dfe 4 &#8222;Wirbelwind&#8220;<br \/>\nClausewitzstra\u00dfe 6 &#8222;Zwergenland&#8220;, Kindertagespflege<br \/>\nClausewitzstra\u00dfe 12 &#8222;Dianas Kleine Spatzen&#8220;, Kindertagespflege<br \/>\nYorckstra\u00dfe 48 &#8222;Zeisigwaldf\u00fcchse&#8220;<br \/>\nErnst-Moritz-Arndt-Str. 4, Hort A.-S.-Makarenko-GS<\/p>\n<p>==&gt; Chemnitzer Portal Kinderbetreuung anmelden<br \/>\n<a href=\"https:\/\/www-04.stadt-chemnitz.de\/elternportal\/elternportal.jsf\">https:\/\/www-04.stadt-chemnitz.de\/elternportal\/elternportal.jsf<br \/>\n<\/a><\/p>\n<hr \/>\n<p><strong>Schulen<br \/>\n<\/strong><\/p>\n<p>Ernst-Moritz-Arndt-Stra\u00dfe 4 &#8211; &#8222;A.-S.-Makarenko Grundschule&#8220;<br \/>\nF\u00fcrstenstra\u00dfe 147 &#8211; weiterf\u00fchrende Schule &#8222;Montessori&#8220;<br \/>\nScharnhorststra\u00dfe 2 &#8211; &#8222;Werk-statt-Schule&#8220;<br \/>\nErnst-Moritz-Arndt-Stra\u00dfe 1 &#8211; Schule &#8222;Am Zeisigwald&#8220; (F\u00f6rderschule)<\/p>\n<p><em>in der N\u00e4he &#8230;<\/em><br \/>\n<em>Oberschule Gablenz (Stadtteil Gablenz)<\/em><br \/>\n<em>Johannes-Kepler Gymnasium (Stadtteil Sonnenberg)<\/em><br \/>\n<em>TERRA NOVA CAMPUS &#8211; Entdecker Schule (Stadtteil Sonnenberg)<\/em><\/p>\n","protected":false},"excerpt":{"rendered":"<p>Tagespflege, Kindertagesst\u00e4tten und Horte Clausewitzstra\u00dfe 4 &#8222;Kinderladen&#8220; (Elterninitiative Kinderladen &#8222;Tigerente&#8220; e. V.) Clausewitzstra\u00dfe 4 &#8222;KINDER-OASE&#8220; Clausewitzstra\u00dfe 4 &#8222;Wirbelwind&#8220; Clausewitzstra\u00dfe 6 &#8222;Zwergenland&#8220;, Kindertagespflege Clausewitzstra\u00dfe 12 &#8222;Dianas Kleine Spatzen&#8220;, Kindertagespflege Yorckstra\u00dfe 48 &#8222;Zeisigwaldf\u00fcchse&#8220; Ernst-Moritz-Arndt-Str. 4, Hort A.-S.-Makarenko-GS ==&gt; Chemnitzer Portal Kinderbetreuung anmelden https:\/\/www-04.stadt-chemnitz.de\/elternportal\/elternportal.jsf Schulen Ernst-Moritz-Arndt-Stra\u00dfe 4 &#8211; &#8222;A.-S.-Makarenko Grundschule&#8220; F\u00fcrstenstra\u00dfe 147 &#8211; weiterf\u00fchrende Schule &#8222;Montessori&#8220; Scharnhorststra\u00dfe 2&hellip; <a class=\"more-link\" href=\"https:\/\/www.yorckgebiet.de\/wp\/kitas-und-schulen\"><span class=\"screen-reader-text\">Kitas und Schulen<\/span> weiterlesen<\/a><\/p>\n","protected":false},"author":2,"featured_media":0,"parent":0,"menu_order":0,"comment_status":"closed","ping_status":"closed","template":"","meta":{"ngg_post_thumbnail":0,"footnotes":""},"class_list":["post-27","page","type-page","status-publish","hentry","entry"],"_links":{"self":[{"href":"https:\/\/www.yorckgebiet.de\/wp\/wp-json\/wp\/v2\/pages\/27","targetHints":{"allow":["GET"]}}],"collection":[{"href":"https:\/\/www.yorckgebiet.de\/wp\/wp-json\/wp\/v2\/pages"}],"about":[{"href":"https:\/\/www.yorckgebiet.de\/wp\/wp-json\/wp\/v2\/types\/page"}],"author":[{"embeddable":true,"href":"https:\/\/www.yorckgebiet.de\/wp\/wp-json\/wp\/v2\/users\/2"}],"replies":[{"embeddable":true,"href":"https:\/\/www.yorckgebiet.de\/wp\/wp-json\/wp\/v2\/comments?post=27"}],"version-history":[{"count":3,"href":"https:\/\/www.yorckgebiet.de\/wp\/wp-json\/wp\/v2\/pages\/27\/revisions"}],"predecessor-version":[{"id":132,"href":"https:\/\/www.yorckgebiet.de\/wp\/wp-json\/wp\/v2\/pages\/27\/revisions\/132"}],"wp:attachment":[{"href":"https:\/\/www.yorckgebiet.de\/wp\/wp-json\/wp\/v2\/media?parent=27"}],"curies":[{"name":"wp","href":"https:\/\/api.w.org\/{rel}","templated":true}]}}